{"id":22213,"date":"2024-10-16T12:01:59","date_gmt":"2024-10-16T10:01:59","guid":{"rendered":"https:\/\/hotel-byreboul-cassis.com\/?page_id=22213"},"modified":"2025-10-20T09:28:49","modified_gmt":"2025-10-20T07:28:49","slug":"actualites","status":"publish","type":"page","link":"https:\/\/hotel-byreboul-cassis.com\/en\/actualites\/","title":{"rendered":"(en) Actualit\u00e9s"},"content":{"rendered":"<p>[et_pb_section fb_built=&#8221;1&#8243; module_id=&#8221;contact&#8221; _builder_version=&#8221;4.27.4&#8243; _module_preset=&#8221;default&#8221; background_color=&#8221;RGBA(255,255,255,0)&#8221; custom_margin=&#8221;||10vh||false|false&#8221; custom_padding=&#8221;10vh|4vw|0px|4vw|false|true&#8221; global_colors_info=&#8221;{}&#8221;][et_pb_row use_custom_gutter=&#8221;on&#8221; gutter_width=&#8221;2&#8243; make_equal=&#8221;on&#8221; _builder_version=&#8221;4.27.4&#8243; _module_preset=&#8221;default&#8221; width=&#8221;90%&#8221; max_width=&#8221;2650px&#8221; custom_margin=&#8221;||5vh||false|false&#8221; custom_padding=&#8221;0px||0px||true|false&#8221; locked=&#8221;off&#8221; global_colors_info=&#8221;{}&#8221;][et_pb_column type=&#8221;4_4&#8243; _builder_version=&#8221;4.22.1&#8243; _module_preset=&#8221;default&#8221; background_enable_image=&#8221;off&#8221; background_size=&#8221;initial&#8221; global_colors_info=&#8221;{}&#8221;][et_pb_text _builder_version=&#8221;4.27.4&#8243; _module_preset=&#8221;default&#8221; custom_margin=&#8221;||1%||false|false&#8221; global_colors_info=&#8221;{}&#8221;]<\/p>\n<h2>Latest News<\/h2>\n<hr>\n<p>[\/et_pb_text][et_pb_blog fullwidth=&#8221;off&#8221; posts_number=&#8221;99&#8243; include_categories=&#8221;all&#8221; show_author=&#8221;off&#8221; show_date=&#8221;off&#8221; show_categories=&#8221;off&#8221; show_excerpt=&#8221;off&#8221; show_pagination=&#8221;off&#8221; masonry_tile_background_color=&#8221;#303030&#8243; module_class=&#8221;rond_border&#8221; _builder_version=&#8221;4.27.4&#8243; _module_preset=&#8221;default&#8221; header_text_color=&#8221;#FFFFFF&#8221; background_color=&#8221;RGBA(255,255,255,0)&#8221; custom_padding=&#8221;||||false|false&#8221; global_colors_info=&#8221;{}&#8221;][\/et_pb_blog][\/et_pb_column][\/et_pb_row][\/et_pb_section]<\/p>\n","protected":false},"excerpt":{"rendered":"<p>Latest News<\/p>\n","protected":false},"author":7,"featured_media":0,"parent":0,"menu_order":0,"comment_status":"closed","ping_status":"closed","template":"","meta":{"_et_pb_use_builder":"on","_et_pb_old_content":"[et_pb_section fb_built=\"1\" module_id=\"contact\" _builder_version=\"4.27.4\" _module_preset=\"default\" background_color=\"RGBA(255,255,255,0)\" custom_margin=\"||10vh||false|false\" custom_padding=\"10vh|4vw|0px|4vw|false|true\" global_colors_info=\"{}\"][et_pb_row _builder_version=\"4.27.4\" _module_preset=\"default\" max_width=\"2650px\" custom_margin=\"||5vh||false|false\" custom_padding=\"0px||0px||true|false\" hover_enabled=\"0\" locked=\"off\" global_colors_info=\"{}\" width=\"90%\" use_custom_gutter=\"on\" make_equal=\"on\" gutter_width=\"2\" sticky_enabled=\"0\"][et_pb_column type=\"4_4\" _builder_version=\"4.22.1\" _module_preset=\"default\" background_enable_image=\"off\" background_size=\"initial\" global_colors_info=\"{}\"][et_pb_text _builder_version=\"4.23.1\" _module_preset=\"default\" custom_margin=\"||1%||false|false\" global_colors_info=\"{}\"]<h2>Actualit\u00e9s<\/h2>\r\n<hr>[\/et_pb_text][et_pb_blog fullwidth=\"off\" posts_number=\"99\" include_categories=\"all\" show_author=\"off\" show_date=\"off\" show_categories=\"off\" show_excerpt=\"off\" show_pagination=\"off\" masonry_tile_background_color=\"#303030\" module_class=\"rond_border\" _builder_version=\"4.27.4\" _module_preset=\"default\" header_text_color=\"#FFFFFF\" background_color=\"RGBA(255,255,255,0)\" custom_padding=\"||||false|false\" global_colors_info=\"{}\"][\/et_pb_blog][\/et_pb_column][\/et_pb_row][\/et_pb_section]","_et_gb_content_width":"","footnotes":""},"class_list":["post-22213","page","type-page","status-publish","hentry"],"yoast_head":"<!-- This site is optimized with the Yoast SEO plugin v27.3 - https:\/\/yoast.com\/product\/yoast-seo-wordpress\/ -->\n<title>(en) Actualit\u00e9s - H\u00f4tel by Reboul Cassis : un boutique-h\u00f4tel de charme en plein c\u0153ur de Cassis \u00e0 50 du port de la plage et de la mer, un concept unique avec 10 chambres, \u00e9l\u00e9gantes et raffin\u00e9es, \u00e0 l\u2019effigie de 10 marques.<\/title>\n<meta name=\"description\" content=\"H\u00f4tel by Reboul in Cassis: a charming boutique hotel in the heart of Cassis, just 50 meters from the port, beach, and sea. A unique concept featuring 10 elegant and refined rooms, each inspired by a different brand.\" \/>\n<meta name=\"robots\" content=\"index, follow, max-snippet:-1, max-image-preview:large, max-video-preview:-1\" \/>\n<link rel=\"canonical\" href=\"https:\/\/hotel-byreboul-cassis.com\/en\/actualites\/\" \/>\n<meta property=\"og:locale\" content=\"en_US\" \/>\n<meta property=\"og:type\" content=\"article\" \/>\n<meta property=\"og:title\" content=\"(en) Actualit\u00e9s - H\u00f4tel by Reboul Cassis : un boutique-h\u00f4tel de charme en plein c\u0153ur de Cassis \u00e0 50 du port de la plage et de la mer, un concept unique avec 10 chambres, \u00e9l\u00e9gantes et raffin\u00e9es, \u00e0 l\u2019effigie de 10 marques.\" \/>\n<meta property=\"og:description\" content=\"H\u00f4tel by Reboul in Cassis: a charming boutique hotel in the heart of Cassis, just 50 meters from the port, beach, and sea. A unique concept featuring 10 elegant and refined rooms, each inspired by a different brand.\" \/>\n<meta property=\"og:url\" content=\"https:\/\/hotel-byreboul-cassis.com\/en\/actualites\/\" \/>\n<meta property=\"og:site_name\" content=\"H\u00f4tel by Reboul Cassis : un boutique-h\u00f4tel de charme en plein c\u0153ur de Cassis \u00e0 50 du port de la plage et de la mer, un concept unique avec 10 chambres, \u00e9l\u00e9gantes et raffin\u00e9es, \u00e0 l\u2019effigie de 10 marques.\" \/>\n<meta property=\"article:publisher\" content=\"https:\/\/www.facebook.com\/profile.php?id=61554045225692\" \/>\n<meta property=\"article:modified_time\" content=\"2025-10-20T07:28:49+00:00\" \/>\n<meta property=\"og:image\" content=\"https:\/\/hotel-byreboul-cassis.com\/wp-content\/uploads\/2025\/04\/LOGO_1200x675.png\" \/>\n\t<meta property=\"og:image:width\" content=\"1200\" \/>\n\t<meta property=\"og:image:height\" content=\"675\" \/>\n\t<meta property=\"og:image:type\" content=\"image\/png\" \/>\n<meta name=\"twitter:card\" content=\"summary_large_image\" \/>\n<meta name=\"twitter:label1\" content=\"Est. reading time\" \/>\n\t<meta name=\"twitter:data1\" content=\"1 minute\" \/>\n<script type=\"application\/ld+json\" class=\"yoast-schema-graph\">{\"@context\":\"https:\\\/\\\/schema.org\",\"@graph\":[{\"@type\":\"WebPage\",\"@id\":\"https:\\\/\\\/hotel-byreboul-cassis.com\\\/en\\\/actualites\\\/\",\"url\":\"https:\\\/\\\/hotel-byreboul-cassis.com\\\/en\\\/actualites\\\/\",\"name\":\"(en) Actualit\u00e9s - H\u00f4tel by Reboul Cassis : un boutique-h\u00f4tel de charme en plein c\u0153ur de Cassis \u00e0 50 du port de la plage et de la mer, un concept unique avec 10 chambres, \u00e9l\u00e9gantes et raffin\u00e9es, \u00e0 l\u2019effigie de 10 marques.\",\"isPartOf\":{\"@id\":\"https:\\\/\\\/hotel-byreboul-cassis.com\\\/en\\\/#website\"},\"datePublished\":\"2024-10-16T10:01:59+00:00\",\"dateModified\":\"2025-10-20T07:28:49+00:00\",\"description\":\"H\u00f4tel by Reboul in Cassis: a charming boutique hotel in the heart of Cassis, just 50 meters from the port, beach, and sea. A unique concept featuring 10 elegant and refined rooms, each inspired by a different brand.\",\"breadcrumb\":{\"@id\":\"https:\\\/\\\/hotel-byreboul-cassis.com\\\/en\\\/actualites\\\/#breadcrumb\"},\"inLanguage\":\"en-US\",\"potentialAction\":[{\"@type\":\"ReadAction\",\"target\":[\"https:\\\/\\\/hotel-byreboul-cassis.com\\\/en\\\/actualites\\\/\"]}]},{\"@type\":\"BreadcrumbList\",\"@id\":\"https:\\\/\\\/hotel-byreboul-cassis.com\\\/en\\\/actualites\\\/#breadcrumb\",\"itemListElement\":[{\"@type\":\"ListItem\",\"position\":1,\"name\":\"Accueil\",\"item\":\"https:\\\/\\\/hotel-byreboul-cassis.com\\\/en\\\/\"},{\"@type\":\"ListItem\",\"position\":2,\"name\":\"(en) Actualit\u00e9s\"}]},{\"@type\":\"WebSite\",\"@id\":\"https:\\\/\\\/hotel-byreboul-cassis.com\\\/en\\\/#website\",\"url\":\"https:\\\/\\\/hotel-byreboul-cassis.com\\\/en\\\/\",\"name\":\"H\u00f4tel by Reboul \u00e0 Cassis : un boutique-h\u00f4tel de charme en plein c\u0153ur de Cassis \u00e0 50 du port de la plage et de la mer, un concept unique avec 10 chambres, \u00e9l\u00e9gantes et raffin\u00e9es, \u00e0 l\u2019effigie de 10 marques.\",\"description\":\"H\u00f4tel by Reboul \u00e0 Cassis : un boutique-h\u00f4tel de charme en plein c\u0153ur de Cassis \u00e0 50 du port de la plage et de la mer, un concept unique avec 10 chambres, \u00e9l\u00e9gantes et raffin\u00e9es, \u00e0 l\u2019effigie de 10 marques.\",\"publisher\":{\"@id\":\"https:\\\/\\\/hotel-byreboul-cassis.com\\\/en\\\/#organization\"},\"alternateName\":\"H\u00f4tel by Reboul \u00e0 Cassis : un boutique-h\u00f4tel de charme en plein c\u0153ur de Cassis \u00e0 50 du port de la plage et de la mer, un concept unique avec 10 chambres, \u00e9l\u00e9gantes et raffin\u00e9es, \u00e0 l\u2019effigie de 10 marques.\",\"potentialAction\":[{\"@type\":\"SearchAction\",\"target\":{\"@type\":\"EntryPoint\",\"urlTemplate\":\"https:\\\/\\\/hotel-byreboul-cassis.com\\\/en\\\/?s={search_term_string}\"},\"query-input\":{\"@type\":\"PropertyValueSpecification\",\"valueRequired\":true,\"valueName\":\"search_term_string\"}}],\"inLanguage\":\"en-US\"},{\"@type\":\"Organization\",\"@id\":\"https:\\\/\\\/hotel-byreboul-cassis.com\\\/en\\\/#organization\",\"name\":\"H\u00f4tel by Reboul \u00e0 Cassis : un boutique-h\u00f4tel de charme en plein c\u0153ur de Cassis \u00e0 50 du port de la plage et de la mer, un concept unique avec 10 chambres, \u00e9l\u00e9gantes et raffin\u00e9es, \u00e0 l\u2019effigie de 10 marques.\",\"alternateName\":\"H\u00f4tel by Reboul \u00e0 Cassis : un boutique-h\u00f4tel de charme en plein c\u0153ur de Cassis \u00e0 50 du port de la plage et de la mer, un concept unique avec 10 chambres, \u00e9l\u00e9gantes et raffin\u00e9es, \u00e0 l\u2019effigie de 10 marques.\",\"url\":\"https:\\\/\\\/hotel-byreboul-cassis.com\\\/en\\\/\",\"logo\":{\"@type\":\"ImageObject\",\"inLanguage\":\"en-US\",\"@id\":\"https:\\\/\\\/hotel-byreboul-cassis.com\\\/en\\\/#\\\/schema\\\/logo\\\/image\\\/\",\"url\":\"https:\\\/\\\/hotel-byreboul-cassis.com\\\/wp-content\\\/uploads\\\/2025\\\/04\\\/LOGO_696x696.png\",\"contentUrl\":\"https:\\\/\\\/hotel-byreboul-cassis.com\\\/wp-content\\\/uploads\\\/2025\\\/04\\\/LOGO_696x696.png\",\"width\":696,\"height\":696,\"caption\":\"H\u00f4tel by Reboul \u00e0 Cassis : un boutique-h\u00f4tel de charme en plein c\u0153ur de Cassis \u00e0 50 du port de la plage et de la mer, un concept unique avec 10 chambres, \u00e9l\u00e9gantes et raffin\u00e9es, \u00e0 l\u2019effigie de 10 marques.\"},\"image\":{\"@id\":\"https:\\\/\\\/hotel-byreboul-cassis.com\\\/en\\\/#\\\/schema\\\/logo\\\/image\\\/\"},\"sameAs\":[\"https:\\\/\\\/www.facebook.com\\\/profile.php?id=61554045225692\",\"https:\\\/\\\/www.instagram.com\\\/hotelbyreboulcassis\\\/\"]}]}<\/script>\n<!-- \/ Yoast SEO plugin. -->","yoast_head_json":{"title":"(en) Actualit\u00e9s - H\u00f4tel by Reboul Cassis : un boutique-h\u00f4tel de charme en plein c\u0153ur de Cassis \u00e0 50 du port de la plage et de la mer, un concept unique avec 10 chambres, \u00e9l\u00e9gantes et raffin\u00e9es, \u00e0 l\u2019effigie de 10 marques.","description":"H\u00f4tel by Reboul in Cassis: a charming boutique hotel in the heart of Cassis, just 50 meters from the port, beach, and sea. A unique concept featuring 10 elegant and refined rooms, each inspired by a different brand.","robots":{"index":"index","follow":"follow","max-snippet":"max-snippet:-1","max-image-preview":"max-image-preview:large","max-video-preview":"max-video-preview:-1"},"canonical":"https:\/\/hotel-byreboul-cassis.com\/en\/actualites\/","og_locale":"en_US","og_type":"article","og_title":"(en) Actualit\u00e9s - H\u00f4tel by Reboul Cassis : un boutique-h\u00f4tel de charme en plein c\u0153ur de Cassis \u00e0 50 du port de la plage et de la mer, un concept unique avec 10 chambres, \u00e9l\u00e9gantes et raffin\u00e9es, \u00e0 l\u2019effigie de 10 marques.","og_description":"H\u00f4tel by Reboul in Cassis: a charming boutique hotel in the heart of Cassis, just 50 meters from the port, beach, and sea. A unique concept featuring 10 elegant and refined rooms, each inspired by a different brand.","og_url":"https:\/\/hotel-byreboul-cassis.com\/en\/actualites\/","og_site_name":"H\u00f4tel by Reboul Cassis : un boutique-h\u00f4tel de charme en plein c\u0153ur de Cassis \u00e0 50 du port de la plage et de la mer, un concept unique avec 10 chambres, \u00e9l\u00e9gantes et raffin\u00e9es, \u00e0 l\u2019effigie de 10 marques.","article_publisher":"https:\/\/www.facebook.com\/profile.php?id=61554045225692","article_modified_time":"2025-10-20T07:28:49+00:00","og_image":[{"width":1200,"height":675,"url":"https:\/\/hotel-byreboul-cassis.com\/wp-content\/uploads\/2025\/04\/LOGO_1200x675.png","type":"image\/png"}],"twitter_card":"summary_large_image","twitter_misc":{"Est. reading time":"1 minute"},"schema":{"@context":"https:\/\/schema.org","@graph":[{"@type":"WebPage","@id":"https:\/\/hotel-byreboul-cassis.com\/en\/actualites\/","url":"https:\/\/hotel-byreboul-cassis.com\/en\/actualites\/","name":"(en) Actualit\u00e9s - H\u00f4tel by Reboul Cassis : un boutique-h\u00f4tel de charme en plein c\u0153ur de Cassis \u00e0 50 du port de la plage et de la mer, un concept unique avec 10 chambres, \u00e9l\u00e9gantes et raffin\u00e9es, \u00e0 l\u2019effigie de 10 marques.","isPartOf":{"@id":"https:\/\/hotel-byreboul-cassis.com\/en\/#website"},"datePublished":"2024-10-16T10:01:59+00:00","dateModified":"2025-10-20T07:28:49+00:00","description":"H\u00f4tel by Reboul in Cassis: a charming boutique hotel in the heart of Cassis, just 50 meters from the port, beach, and sea. A unique concept featuring 10 elegant and refined rooms, each inspired by a different brand.","breadcrumb":{"@id":"https:\/\/hotel-byreboul-cassis.com\/en\/actualites\/#breadcrumb"},"inLanguage":"en-US","potentialAction":[{"@type":"ReadAction","target":["https:\/\/hotel-byreboul-cassis.com\/en\/actualites\/"]}]},{"@type":"BreadcrumbList","@id":"https:\/\/hotel-byreboul-cassis.com\/en\/actualites\/#breadcrumb","itemListElement":[{"@type":"ListItem","position":1,"name":"Accueil","item":"https:\/\/hotel-byreboul-cassis.com\/en\/"},{"@type":"ListItem","position":2,"name":"(en) Actualit\u00e9s"}]},{"@type":"WebSite","@id":"https:\/\/hotel-byreboul-cassis.com\/en\/#website","url":"https:\/\/hotel-byreboul-cassis.com\/en\/","name":"H\u00f4tel by Reboul \u00e0 Cassis : un boutique-h\u00f4tel de charme en plein c\u0153ur de Cassis \u00e0 50 du port de la plage et de la mer, un concept unique avec 10 chambres, \u00e9l\u00e9gantes et raffin\u00e9es, \u00e0 l\u2019effigie de 10 marques.","description":"H\u00f4tel by Reboul \u00e0 Cassis : un boutique-h\u00f4tel de charme en plein c\u0153ur de Cassis \u00e0 50 du port de la plage et de la mer, un concept unique avec 10 chambres, \u00e9l\u00e9gantes et raffin\u00e9es, \u00e0 l\u2019effigie de 10 marques.","publisher":{"@id":"https:\/\/hotel-byreboul-cassis.com\/en\/#organization"},"alternateName":"H\u00f4tel by Reboul \u00e0 Cassis : un boutique-h\u00f4tel de charme en plein c\u0153ur de Cassis \u00e0 50 du port de la plage et de la mer, un concept unique avec 10 chambres, \u00e9l\u00e9gantes et raffin\u00e9es, \u00e0 l\u2019effigie de 10 marques.","potentialAction":[{"@type":"SearchAction","target":{"@type":"EntryPoint","urlTemplate":"https:\/\/hotel-byreboul-cassis.com\/en\/?s={search_term_string}"},"query-input":{"@type":"PropertyValueSpecification","valueRequired":true,"valueName":"search_term_string"}}],"inLanguage":"en-US"},{"@type":"Organization","@id":"https:\/\/hotel-byreboul-cassis.com\/en\/#organization","name":"H\u00f4tel by Reboul \u00e0 Cassis : un boutique-h\u00f4tel de charme en plein c\u0153ur de Cassis \u00e0 50 du port de la plage et de la mer, un concept unique avec 10 chambres, \u00e9l\u00e9gantes et raffin\u00e9es, \u00e0 l\u2019effigie de 10 marques.","alternateName":"H\u00f4tel by Reboul \u00e0 Cassis : un boutique-h\u00f4tel de charme en plein c\u0153ur de Cassis \u00e0 50 du port de la plage et de la mer, un concept unique avec 10 chambres, \u00e9l\u00e9gantes et raffin\u00e9es, \u00e0 l\u2019effigie de 10 marques.","url":"https:\/\/hotel-byreboul-cassis.com\/en\/","logo":{"@type":"ImageObject","inLanguage":"en-US","@id":"https:\/\/hotel-byreboul-cassis.com\/en\/#\/schema\/logo\/image\/","url":"https:\/\/hotel-byreboul-cassis.com\/wp-content\/uploads\/2025\/04\/LOGO_696x696.png","contentUrl":"https:\/\/hotel-byreboul-cassis.com\/wp-content\/uploads\/2025\/04\/LOGO_696x696.png","width":696,"height":696,"caption":"H\u00f4tel by Reboul \u00e0 Cassis : un boutique-h\u00f4tel de charme en plein c\u0153ur de Cassis \u00e0 50 du port de la plage et de la mer, un concept unique avec 10 chambres, \u00e9l\u00e9gantes et raffin\u00e9es, \u00e0 l\u2019effigie de 10 marques."},"image":{"@id":"https:\/\/hotel-byreboul-cassis.com\/en\/#\/schema\/logo\/image\/"},"sameAs":["https:\/\/www.facebook.com\/profile.php?id=61554045225692","https:\/\/www.instagram.com\/hotelbyreboulcassis\/"]}]}},"_links":{"self":[{"href":"https:\/\/hotel-byreboul-cassis.com\/en\/wp-json\/wp\/v2\/pages\/22213","targetHints":{"allow":["GET"]}}],"collection":[{"href":"https:\/\/hotel-byreboul-cassis.com\/en\/wp-json\/wp\/v2\/pages"}],"about":[{"href":"https:\/\/hotel-byreboul-cassis.com\/en\/wp-json\/wp\/v2\/types\/page"}],"author":[{"embeddable":true,"href":"https:\/\/hotel-byreboul-cassis.com\/en\/wp-json\/wp\/v2\/users\/7"}],"replies":[{"embeddable":true,"href":"https:\/\/hotel-byreboul-cassis.com\/en\/wp-json\/wp\/v2\/comments?post=22213"}],"version-history":[{"count":4,"href":"https:\/\/hotel-byreboul-cassis.com\/en\/wp-json\/wp\/v2\/pages\/22213\/revisions"}],"predecessor-version":[{"id":22401,"href":"https:\/\/hotel-byreboul-cassis.com\/en\/wp-json\/wp\/v2\/pages\/22213\/revisions\/22401"}],"wp:attachment":[{"href":"https:\/\/hotel-byreboul-cassis.com\/en\/wp-json\/wp\/v2\/media?parent=22213"}],"curies":[{"name":"wp","href":"https:\/\/api.w.org\/{rel}","templated":true}]}}